{"id":4176,"date":"2024-07-23T22:33:00","date_gmt":"2024-07-23T22:33:00","guid":{"rendered":"https:\/\/headworq.de\/?page_id=4176"},"modified":"2024-07-30T23:12:15","modified_gmt":"2024-07-30T21:12:15","slug":"agb","status":"publish","type":"page","link":"https:\/\/cardprofile.link\/en\/agb\/","title":{"rendered":"Allgemeine Gesch\u00e4ftsbedingungen (AGB)"},"content":{"rendered":"<div data-colibri-id=\"4176-c1\" class=\"style-1719 style-local-4176-c1 position-relative\">\r\n  <!---->\r\n  <div data-colibri-component=\"section\" data-colibri-id=\"4176-c2\" id=\"custom\" class=\"h-section h-section-global-spacing d-flex align-items-lg-center align-items-md-center align-items-center style-1720 style-local-4176-c2 position-relative\">\r\n    <!---->\r\n    <!---->\r\n    <div class=\"h-section-grid-container h-section-boxed-container\">\r\n      <!---->\r\n      <div data-colibri-id=\"4176-c3\" class=\"h-row-container gutters-row-lg-2 gutters-row-md-2 gutters-row-0 gutters-row-v-lg-2 gutters-row-v-md-2 gutters-row-v-2 style-1721 style-local-4176-c3 position-relative\">\r\n        <!---->\r\n        <div class=\"h-row justify-content-lg-center justify-content-md-center justify-content-center align-items-lg-stretch align-items-md-stretch align-items-stretch gutters-col-lg-2 gutters-col-md-2 gutters-col-0 gutters-col-v-lg-2 gutters-col-v-md-2 gutters-col-v-2\">\r\n          <!---->\r\n          <div class=\"h-column h-column-container d-flex h-col-lg-auto h-col-md-auto h-col-auto style-1722-outer style-local-4176-c4-outer\">\r\n            <div data-colibri-id=\"4176-c4\" class=\"d-flex h-flex-basis h-column__inner h-px-lg-2 h-px-md-2 h-px-2 v-inner-lg-2 v-inner-md-2 v-inner-2 style-1722 style-local-4176-c4 position-relative\">\r\n              <!---->\r\n              <!---->\r\n              <div class=\"w-100 h-y-container h-column__content h-column__v-align flex-basis-100 align-self-lg-start align-self-md-start align-self-start\">\r\n                <!---->\r\n                <div data-colibri-id=\"4176-c5\" class=\"style-1723 style-local-4176-c5 position-relative h-element\">\r\n                  <!---->\r\n                  <div class=\"\">    <h1>General Terms and Conditions (DE|AGB)<\/h1>\r\n    <p>Stand: 24.07.2024 Version: 1.0<\/p>\r\n    \r\n    <h3>\u00a7 1 Allgemeines<\/h3>\r\n    <p><strong>a) Geltungsbereich<\/strong><\/p>\r\n    <p>Diese Allgemeinen Gesch\u00e4ftsbedingungen gelten f\u00fcr alle Gesch\u00e4ftsbeziehungen zwischen der HEADWORQ UG (haftungsbeschr\u00e4nkt), Lerchenweg 15, 89275 Elchingen, vertreten durch ihren Gesch\u00e4ftsf\u00fchrer: Lucas Wiese (im Folgenden: HEADWORQ genannt) und den Kunden in der zum Zeitpunkt des Vertragsschlusses g\u00fcltigen Fassung. Entgegenstehenden Allgemeinen Gesch\u00e4ftsbedingungen des Kunden wird hiermit ausdr\u00fccklich widersprochen.<\/p>\r\n    \r\n    <p><strong>b) Vertragsvereinbarung<\/strong><\/p>\r\n    <p>Vertragssprache ist Deutsch. Kunden im Sinne dieser Allgemeinen Gesch\u00e4ftsbedingungen sind ausschlie\u00dflich Unternehmer im Sinne des \u00a7 14 BGB.<\/p>\r\n    \r\n    <p><strong>c) Vertragsschluss<\/strong><\/p>\r\n    <p>Der Vertragsschluss findet individuell durch Angebot und Annahme statt. Soweit nicht anders vereinbart, ist hierbei der \u00fcbliche Ablauf, dass der Kunde HEADWORQ eine Anfrage stellt und hierauf von dieser ein verbindliches Angebot erh\u00e4lt, welches er dann in der darin benannten Frist annehmen kann. Mit der Annahme kommt der Vertrag zustande. Eine gesonderte Speicherung des Vertragstextes durch HEADWORQ findet nicht statt, sondern der Vertragsinhalt ergibt sich jeweils individuell aus der getroffenen Vereinbarung.<\/p>\r\n    \r\n    <p><strong>d) Nachtr\u00e4gliche \u00c4nderung der Gesch\u00e4ftsbedingungen<\/strong><\/p>\r\n    <p>HEADWORQ ist zur nachtr\u00e4glichen Anpassung und Erg\u00e4nzung der Allgemeinen Gesch\u00e4ftsbedingungen gegen\u00fcber bestehenden Gesch\u00e4ftsbeziehungen berechtigt, soweit \u00c4nderungen in der Gesetzgebung oder Rechtsprechung es erfordern oder sonstige Umst\u00e4nde dazu f\u00fchren, dass das vertragliche \u00c4quivalenzverh\u00e4ltnis nicht nur unwesentlich gest\u00f6rt ist. Eine nachtr\u00e4gliche \u00c4nderung der Gesch\u00e4ftsbedingungen wird wirksam, wenn der Kunde nicht innerhalb von sechs Wochen nach Mitteilung der \u00c4nderung widerspricht. HEADWORQ wird den Kunden bei Fristbeginn ausdr\u00fccklich auf die Wirkung seines Schweigens als Annahme der Vertrags\u00e4nderung hinweisen und ihm w\u00e4hrend der Frist die M\u00f6glichkeit zur Abgabe einer ausdr\u00fccklichen Erkl\u00e4rung einr\u00e4umen. Widerspricht der Kunde fristgem\u00e4\u00df, k\u00f6nnen sowohl HEADWORQ als auch der Kunde das Vertragsverh\u00e4ltnis au\u00dferordentlich k\u00fcndigen.<\/p>\r\n    \r\n    <h3>\u00a7 2 Leistungsbeschreibung<\/h3>\r\n    <p><strong>a) Allgemein<\/strong><\/p>\r\n    <p>HEADWORQ bietet im Bereich Digitales Marketing, Web- und Softwareentwicklung, Hosting und Branding sowie Design Dienstleistungen an. Wenn Kunden Hosting-Dienste in Anspruch nehmen, nutzt HEADWORQ zur Erbringung dieser Leistungen Webspace und Hosting-Dienste von Drittanbietern, insbesondere von ALL-INKL.COM (Neue Medien M\u00fcnnich, Inhaber: Ren\u00e9 M\u00fcnnich, Hauptstra\u00dfe 68, D-02742 Friedersdorf). Die Nutzung dieser Dienste erfolgt auf Grundlage der von HEADWORQ und dem Kunden getroffenen Vereinbarung, wobei die geltenden Konditionen und Datenschutzregelungen von ALL-INKL.COM zur Anwendung kommen.<\/p>\r\n    \r\n    <p><strong>b) Leistungserbringung<\/strong><\/p>\r\n    <p>HEADWORQ ist berechtigt, den Vertrag bzw. Teile des Vertrages durch Dritte erf\u00fcllen zu lassen. Bedient sich HEADWORQ zur Erbringung der Leistungen der Angebote von Dritten, werden diese nicht Vertragspartner des Kunden. Insbesondere werden die von ALL-INKL.COM bereitgestellten Hosting-Dienste und deren Bedingungen zur Grundlage der Vertragserf\u00fcllung gemacht. Der Kunde ist damit einverstanden, dass die Hosting-Konditionen und Datenschutzbestimmungen von ALL-INKL.COM gelten.<\/p>\r\n    \r\n    <p><strong>c) Benachrichtigung<\/strong><\/p>\r\n    <p>Ist die Auftragsarbeit abgeschlossen, wird der Kunde dar\u00fcber per Telefon, Post oder E-Mail benachrichtigt. Nach Abschluss der Testphase erfolgt die \u00dcbergabe der Auftragsarbeit an den Kunden.<\/p>\r\n    \r\n    <p><strong>d) Leistungsverz\u00f6gerungen<\/strong><\/p>\r\n    <p>Liefer- und Leistungsverz\u00f6gerungen aufgrund h\u00f6herer Gewalt und aufgrund von au\u00dfergew\u00f6hnlichen und unvorhersehbaren Ereignissen, welche auch durch \u00e4u\u00dferste Sorgfalt von HEADWORQ nicht verhindert werden k\u00f6nnen (hierzu geh\u00f6ren insbesondere Streiks, beh\u00f6rdliche oder gerichtliche Anordnungen und F\u00e4lle nicht richtiger oder nicht ordnungsgem\u00e4\u00dfer Selbstbelieferung trotz dahingehenden Deckungsgesch\u00e4fts), hat HEADWORQ nicht zu vertreten. Sie berechtigen HEADWORQ dazu, die Lieferung um die Dauer des behindernden Ereignisses zu verschieben.<\/p>\r\n    \r\n    <p><strong>e) R\u00fccktritt<\/strong><\/p>\r\n    <p>Bei Nichtverf\u00fcgbarkeit aus zuvor genannten Gr\u00fcnden kann HEADWORQ vom Vertrag zur\u00fccktreten. HEADWORQ verpflichtet sich dabei, den Kunden unverz\u00fcglich \u00fcber die Nichtverf\u00fcgbarkeit zu informieren und etwaig bereits erbrachte Gegenleistungen unverz\u00fcglich zu erstatten.<\/p>\r\n    \r\n    <p><strong>f) Leistungszeit<\/strong><\/p>\r\n    <p>Soweit nicht ausdr\u00fccklich etwas anderes vereinbart wurde, erbringt HEADWORQ die Leistung innerhalb von einem Monat. Der Fristbeginn f\u00fcr die Leistung ist bei Vorkassenzahlung der Tag nach Erteilung des Zahlungsauftrags an das \u00fcberweisende Kreditinstitut bzw. bei Zahlung auf Rechnung der Tag nach Vertragsschluss. Die Frist endet nach Ablauf eines Monats. F\u00e4llt der letzte Tag der Frist auf einen Samstag, Sonntag oder einen am Leistungsort staatlich anerkannten allgemeinen Feiertag, endet die Frist am n\u00e4chsten Werktag.<\/p>\r\n    \r\n    <p><strong>g) Aufgrund von internen Betriebsgeheimnissen und exklusivem Wissen schuldet HEADWORQ dem Kunden keine Nachweispflicht im Bezug auf die um- und eingesetzten Ma\u00dfnahmen zur Optimierung der Seiten. HEADWORQ wird die im Rahmen der Vertragsdurchf\u00fchrung vom Kunden \u00fcbermittelten Zugangsdaten nur f\u00fcr die Vertragsdurchf\u00fchrung verwenden und diese Daten nicht weitergeben.<\/strong><\/p>\r\n    \r\n    <h3>\u00a7 3 Zahlung<\/h3>\r\n    <p><strong>a) Preise<\/strong><\/p>\r\n    <p>S\u00e4mtliche Preise verstehen sich gem\u00e4\u00df \u00a7 19 UStG ohne Umsatzsteuer. Sofern nichts anderes vereinbart ist, hat der Kunde nach Vertragsschluss eine Anzahlung von 50 % an HEADWORQ zu leisten. Die genauen Zahlungsmodalit\u00e4ten k\u00f6nnen dem Angebot entnommen werden.<\/p>\r\n    \r\n    <p><strong>b) Zahlungsverzug<\/strong><\/p>\r\n    <p>Der Kunde ger\u00e4t mit der Zahlung in Verzug, wenn die Zahlung nicht innerhalb von zwei Wochen nach Erhalt der Rechnung bei HEADWORQ eingeht. Bei Zahlungsverzug werden Zinsen in H\u00f6he von 9 Prozentpunkten \u00fcber dem Basiszinssatz der Europ\u00e4ischen Zentralbank berechnet. Sollte der Kunde mit seinen Zahlungen in Verzug geraten, so beh\u00e4lt sich HEADWORQ vor, Mahngeb\u00fchren in H\u00f6he von 2,50 Euro in Rechnung zu stellen. Die Geltendmachung eines dar\u00fcber hinausgehenden Schadensersatzes bleibt unbenommen. Dem Kunden verbleibt die M\u00f6glichkeit nachzuweisen, dass HEADWORQ kein oder ein geringerer Schaden entstanden ist.<\/p>\r\n    \r\n    <p><strong>c) Zur\u00fcckbehaltungsrecht<\/strong><\/p>\r\n    <p>Die Geltendmachung eines Zur\u00fcckbehaltungsrechts steht dem Kunden nur f\u00fcr solche Gegenanspr\u00fcche zu, die f\u00e4llig sind und auf demselben rechtlichen Verh\u00e4ltnis wie die Verpflichtung des Kunden beruhen.<\/p>\r\n    \r\n    <p><strong>d) SEPA-Zahlungen und Pre-Notification<\/strong><\/p>\r\n    <p>Rechnungen k\u00f6nnen \u00fcber das SEPA-Lastschriftverfahren beglichen werden. Dazu erteilt der Kunde HEADWORQ ein entsprechendes Mandat (SEPA-Basis-Mandat, bzw. falls m\u00f6glich ein SEPA-Firmen-Mandat). Werden Rechnungen aus Lieferungen und Leistungen \u00fcber das SEPA-Basislastschriftverfahren \/ \u2013 Firmenlastschriftverfahren bezahlt, erh\u00e4lt der Kunde eine Vorabinformation zum Lastschrifteinzug. Die Frist f\u00fcr die Vorabank\u00fcndigung (Pre-Notification) wird f\u00fcr B2B-SEPA-Lastschriften auf 1 Tag verk\u00fcrzt. Bei CORE, der Standard-Lastschrift, wird bei einer Erstlastschrift (FRST) \/ Einmallastschrift (OOFF) die Frist auf 5 Tage und bei der Folgelastschrift (RCUR) auf 2 Tage verk\u00fcrzt. Der Kunde sichert zu, f\u00fcr die Deckung des Kontos zu sorgen. Kosten, die aufgrund von Nichteinl\u00f6sung oder R\u00fcckbuchung der Lastschrift entstehen, gehen zu Lasten des Kunden, solange die Nichteinl\u00f6sung oder die R\u00fcckbuchung nicht durch HEADWORQ zu vertreten ist.<\/p>\r\n    \r\n    <p><strong>e) Lastschrift-Einzugsunternehmen<\/strong><\/p>\r\n    <p>Die Einziehung von Lastschriften erfolgt \u00fcber GoCardless SAS (7 rue de Madrid, 75008 Paris, Frankreich), eine Tochtergesellschaft von GoCardless Ltd. GoCardless SAS ist von der ACPR (franz\u00f6sische Aufsichts- und Kontrollbeh\u00f6rde) als Zahlungsdienst in der Europ\u00e4ischen Union autorisiert (Bankkode 17118). GoCardless Ltd (Sutton Yard, 65 Goswell Road, London, EC1V 7EN, Vereinigtes K\u00f6nigreich) ist von der Financial Conduct Authority (FCA) im Vereinigten K\u00f6nigreich als Zahlungsdienst autorisiert (Registrierungsnummer 597190).<\/p>\r\n    \r\n    <p>Zus\u00e4tzlich k\u00f6nnen Zahlungen \u00fcber PayPal (PayPal (Europe) S.\u00e0 r.l. et Cie, S.C.A., 22-24 Boulevard Royal, L-2449 Luxembourg) und Stripe (Stripe Payments Europe, Ltd., 1 Grand Canal Street Lower, Dublin, Ireland) erfolgen.<\/p>\r\n    \r\n    <h3>\u00a7 4 Abonnements und K\u00fcndigung<\/h3>\r\n    <p><strong>a) Abonnements<\/strong><\/p>\r\n    <p>HEADWORQ bietet folgende Abonnements an:<\/p>\r\n    <ul>\r\n        <li>CardProfile BASIC: 2,99 EUR pro Monat<\/li>\r\n        <li>CardProfile PREMIUM: 4,99 EUR pro Monat<\/li>\r\n        <li>CardProfile BUSINESS: 12,99 EUR pro Monat<\/li>\r\n    <\/ul>\r\n    <p>Zus\u00e4tzlich sind auch Jahresabonnements und Lifetimetzahlungen verf\u00fcgbar. Die Preise und Konditionen f\u00fcr diese Abonnements werden in den jeweiligen Angeboten spezifiziert.<\/p>\r\n    \r\n    <p><strong>b) Automatische Verl\u00e4ngerung<\/strong><\/p>\r\n    <p>Abonnements verl\u00e4ngern sich automatisch entweder monatlich oder j\u00e4hrlich, je nach gew\u00e4hltem Abonnementstyp, bis sie vom Kunden gek\u00fcndigt werden. Die K\u00fcndigung kann entweder \u00fcber das Kundenprofil auf CardProfile oder schriftlich \u00fcber den Support erfolgen.<\/p>\r\n    \r\n    <p><strong>c) Recht zur Einstellung des Services<\/strong><\/p>\r\n    <p>HEADWORQ beh\u00e4lt sich das Recht vor, den Service jederzeit einzustellen. Im Falle einer solchen Einstellung k\u00f6nnen die Abonnements und alle damit verbundenen Leistungen verfallen, ohne dass HEADWORQ zur R\u00fcckerstattung bereits gezahlter Betr\u00e4ge verpflichtet ist.<\/p>\r\n    \r\n    <h3>\u00a7 5 HEADWORQ Card<\/h3>\r\n    <p><strong>a) Angebot und Beschreibung<\/strong><\/p>\r\n    <p>HEADWORQ bietet auch den Verkauf von Edelstahl-Visitenkarten mit Lasergravur an, bekannt als die HEADWORQ Card. Diese hochwertigen Visitenkarten sind in verschiedenen Designs und Gravuroptionen erh\u00e4ltlich. Die genauen Preise und Spezifikationen k\u00f6nnen auf der Webseite von HEADWORQ eingesehen werden.<\/p>\r\n    \r\n    <h3>\u00a7 6 Haftung und Datenschutz<\/h3>\r\n    <p><strong>a) Haftung<\/strong><\/p>\r\n    <p>HEADWORQ haftet nicht f\u00fcr Inhalte, die vom Kunden eigenst\u00e4ndig ver\u00f6ffentlicht werden. Der Kunde ist f\u00fcr die Inhalte auf seiner Seite verantwortlich. HEADWORQ \u00fcbernimmt keine Haftung f\u00fcr diese Inhalte und deren Nutzung durch Dritte.<\/p>\r\n    \r\n    <p><strong>b) Datenschutz<\/strong><\/p>\r\n    <p>HEADWORQ verpflichtet sich, alle personenbezogenen Daten gem\u00e4\u00df den geltenden Datenschutzgesetzen, insbesondere der DSGVO, zu sch\u00fctzen. Weitere Informationen zum Datenschutz sind in der Datenschutzerkl\u00e4rung von HEADWORQ zu finden.<\/p>\r\n    \r\n    <h3>\u00a7 7 Schlussbestimmungen<\/h3>\r\n    <p><strong>a) Anwendbares Recht und Gerichtsstand<\/strong><\/p>\r\n    <p>Es gilt deutsches Recht unter Ausschluss des UN-Kaufrechts. F\u00fcr alle Streitigkeiten aus oder im Zusammenhang mit diesem Vertrag ist der Gerichtsstand der Sitz von HEADWORQ, sofern der Kunde Kaufmann im Sinne des Handelsgesetzbuches ist.<\/p>\r\n    \r\n    <p><strong>b) Salvatorische Klausel<\/strong><\/p>\r\n    <p>Sollten einzelne Bestimmungen dieser Allgemeinen Gesch\u00e4ftsbedingungen unwirksam sein oder werden, so wird die Wirksamkeit der \u00fcbrigen Bestimmungen hiervon nicht ber\u00fchrt. Die unwirksame Bestimmung ist durch eine wirksame zu ersetzen, die dem wirtschaftlichen Zweck der unwirksamen Bestimmung m\u00f6glichst nahekommt.<\/p>\r\n    \r\n    <p><strong>c) \u00c4nderungen der AGB<\/strong><\/p>\r\n    <p>HEADWORQ beh\u00e4lt sich das Recht vor, diese Allgemeinen Gesch\u00e4ftsbedingungen jederzeit zu \u00e4ndern. \u00c4nderungen werden den Kunden rechtzeitig mitgeteilt. \u00c4nderungen werden wirksam, wenn der Kunde den \u00c4nderungen nicht innerhalb von sechs Wochen nach Mitteilung widerspricht.<\/p>\r\n    <\/div>\r\n                <\/div>\r\n              <\/div>\r\n            <\/div>\r\n          <\/div>\r\n        <\/div>\r\n      <\/div>\r\n    <\/div>\r\n  <\/div>\r\n<\/div>","protected":false},"excerpt":{"rendered":"","protected":false},"author":1,"featured_media":0,"parent":0,"menu_order":0,"comment_status":"closed","ping_status":"closed","template":"page-templates\/full-width-page.php","meta":{"_joinchat":[],"footnotes":""},"class_list":["post-4176","page","type-page","status-publish","hentry"],"aioseo_notices":[],"_links":{"self":[{"href":"https:\/\/cardprofile.link\/en\/wp-json\/wp\/v2\/pages\/4176","targetHints":{"allow":["GET"]}}],"collection":[{"href":"https:\/\/cardprofile.link\/en\/wp-json\/wp\/v2\/pages"}],"about":[{"href":"https:\/\/cardprofile.link\/en\/wp-json\/wp\/v2\/types\/page"}],"author":[{"embeddable":true,"href":"https:\/\/cardprofile.link\/en\/wp-json\/wp\/v2\/users\/1"}],"replies":[{"embeddable":true,"href":"https:\/\/cardprofile.link\/en\/wp-json\/wp\/v2\/comments?post=4176"}],"version-history":[{"count":6,"href":"https:\/\/cardprofile.link\/en\/wp-json\/wp\/v2\/pages\/4176\/revisions"}],"predecessor-version":[{"id":5046,"href":"https:\/\/cardprofile.link\/en\/wp-json\/wp\/v2\/pages\/4176\/revisions\/5046"}],"wp:attachment":[{"href":"https:\/\/cardprofile.link\/en\/wp-json\/wp\/v2\/media?parent=4176"}],"curies":[{"name":"wp","href":"https:\/\/api.w.org\/{rel}","templated":true}]}}